{"id":816,"date":"2021-09-02T11:47:59","date_gmt":"2021-09-02T08:47:59","guid":{"rendered":"https:\/\/www.damlasulama.com\/fra\/?page_id=816"},"modified":"2021-12-20T11:48:48","modified_gmt":"2021-12-20T08:48:48","slug":"qui-sommes-nous","status":"publish","type":"page","link":"https:\/\/www.damlasulama.com\/fra\/qui-sommes-nous\/","title":{"rendered":"QUI SOMMES-NOUS"},"content":{"rendered":"<div class=\"flex_column av_one_full  flex_column_div av-zero-column-padding first  avia-builder-el-0  el_before_av_section  avia-builder-el-no-sibling  \" style='border-radius:0px; '><section class=\"av_textblock_section \"  itemscope=\"itemscope\" itemtype=\"https:\/\/schema.org\/CreativeWork\" ><div class='avia_textblock  '   itemprop=\"text\" ><h2 style=\"text-align: center;\"><strong>QUI SOMMES-NOUS<\/strong><\/h2>\n<\/div><\/section><\/div>\n<\/div><\/div><\/div><!-- close content main div --><\/div><\/div><div id='av_section_1'  class='avia-section main_color avia-section-no-padding avia-no-border-styling  av-section-color-overlay-active avia-bg-style-scroll  avia-builder-el-2  el_after_av_one_full  el_before_av_textblock   av-section-with-video-bg container_wrap sidebar_right' style=' '   data-section-video-ratio='16:9'><div   data-size='featured'  data-lightbox_size='large'  data-animation='slide'  data-conditional_play=''  data-ids=''  data-video_counter='1'  data-autoplay='false'  data-bg_slider='false'  data-slide_height=''  data-handle=''  data-interval='5'  data-class=' av-section-video-bg'  data-el_id=''  data-css_id=''  data-scroll_down=''  data-control_layout=''  data-custom_markup=''  data-perma_caption=''  data-autoplay_stopper=''  data-image_attachment=''  data-min_height='0px'  data-lazy_loading='disabled'  data-default-height='28.666666666667'  class='avia-slideshow avia-slideshow-1  av-default-height-applied avia-slideshow-featured   av-section-video-bg avia-slide-slider '  itemprop=\"image\" itemscope=\"itemscope\" itemtype=\"https:\/\/schema.org\/ImageObject\" ><ul class='avia-slideshow-inner ' style='padding-bottom: 28.666666666667%;' ><li  data-controls='disabled' data-mute='aviaTBaviaTBvideo_mute' data-loop='1' data-disable-autoplay=''  data-video-ratio='3.4883720930233' class=' av-video-slide  av-video-service-youtube  av-hide-video-controls av-mute-video av-loop-video av-single-slide slide-1 ' ><div data-rel='slideshow-1' class='avia-slide-wrap '   ><div class='av-click-overlay'><\/div><div class='mejs-mediaelement'><div height='1600' width='900' class='av_youtube_frame' id='player_816_548472128_130447746'  data-autoplay='0'  data-videoid='l73dA-A0Si4'  data-hd='1'  data-rel='0'  data-wmode='opaque'  data-loop='0'  data-version='3'  data-autohide='1'  data-color='white'  data-controls='0'  data-showinfo='0'  data-iv_load_policy='3'  data-original_url='https:\/\/www.youtube.com\/watch?v=l73dA-A0Si4' ><\/div><\/div><div class='av-click-to-play-overlay'><div class=\"avia_playpause_icon\"><\/div><\/div><\/div><\/li><\/ul><\/div><div class='av-section-color-overlay-wrap'><div class='av-section-color-overlay' style='opacity: 0.7; background-color: #ffffff; '><\/div><div class='container' ><div class='template-page content  av-content-small alpha units'><div class='post-entry post-entry-type-page post-entry-816'><div class='entry-content-wrapper clearfix'>\n<div class=\"flex_column av_one_third  flex_column_div av-zero-column-padding first  avia-builder-el-3  el_before_av_one_third  avia-builder-el-first  \" style='border-radius:0px; '><section class=\"av_textblock_section \"  itemscope=\"itemscope\" itemtype=\"https:\/\/schema.org\/CreativeWork\" ><div class='avia_textblock  '   itemprop=\"text\" ><p><em><strong>Nous avons produit des extrudeuses qui sont le travail de la technologie et l&rsquo;exp\u00e9rience de travailler pour 24\/7 pour assurer nos clients pr\u00e9cieux produisent avec la rentabilit\u00e9 \u00e9lev\u00e9e et n&rsquo;ayant aucun probl\u00e8me.<\/strong><\/em><\/p>\n<p><em><strong>Nous sommes devenus l&rsquo;une des entreprises les plus mentionn\u00e9es du secteur en s&rsquo;am\u00e9liorant continuellement depuis 2002 avec une exp\u00e9rience de 30 ans.<\/strong><\/em><\/p>\n<p><em><strong>Nous devons ce succ\u00e8s aux tests de performance r\u00e9alis\u00e9s avant l&rsquo;installation, au r\u00e9seau de service rapide, \u00e0 notre persistance sur la qualit\u00e9, aux travaux innovateurs, \u00e0 notre amour du travail et \u00e0 nos pr\u00e9cieux clients.<\/strong><\/em><\/p>\n<p><em><strong>Lorsque vous achetez une machine damla plast vous \u00eates s\u00fbr de;<\/strong><\/em><\/p>\n<ul>\n<li><em><strong>Les meilleures parties du monde qui ont fait leurs preuves, sont utilis\u00e9es.<\/strong><\/em><\/li>\n<li><em><strong>La machine est con\u00e7ue de la mani\u00e8re la plus appropri\u00e9e \u00e0 votre production.<\/strong><\/em><\/li>\n<li><em><strong>La machine passe par une analyse de qualit\u00e9 avant d&rsquo;\u00eatre livr\u00e9e \u00e0 votre c\u00f4t\u00e9.<\/strong><\/em><\/li>\n<li><em><strong>Vous pouvez produire rapidement.<\/strong><\/em><\/li>\n<li><em><strong>La machine damla plast \u00e9conomise plus d&rsquo;\u00e9nergie que ses concurrents.<\/strong><\/em><\/li>\n<li><em><strong>Vous pouvez produire 24 heures pendant 7 jours sans interruption.<\/strong><\/em><\/li>\n<li><em><strong>Nous sommes toujours l\u00e0 pour vous accompagner dans le d\u00e9veloppement de la production et les innovations.<\/strong><\/em><\/li>\n<li><em><strong>Service technique apr\u00e8s-vente vous parviendra sous peu.<\/strong><\/em><\/li>\n<li><em><strong>Vous pouvez atteindre n&rsquo;importe quelle pi\u00e8ce de rechange dans nos entrep\u00f4ts fermes sans aucun probl\u00e8me.<\/strong><\/em><\/li>\n<\/ul>\n<\/div><\/section><\/div><div class=\"flex_column av_one_third  flex_column_div av-zero-column-padding   avia-builder-el-5  el_after_av_one_third  el_before_av_one_third  \" style='border-radius:0px; '><section class=\"av_textblock_section \"  itemscope=\"itemscope\" itemtype=\"https:\/\/schema.org\/CreativeWork\" ><div class='avia_textblock  '   itemprop=\"text\" ><p style=\"text-align: center;\"><strong>Documents De Qualit\u00e9<\/strong><\/p>\n<\/div><\/section><br \/>\n<div   data-size='no scaling'  data-lightbox_size='large'  data-animation='slide'  data-conditional_play=''  data-ids='819,820,821,822'  data-video_counter='0'  data-autoplay='false'  data-bg_slider='false'  data-slide_height=''  data-handle='av_slideshow'  data-interval='5'  data-class=' avia-builder-el-7  el_after_av_textblock  avia-builder-el-last  '  data-el_id=''  data-css_id=''  data-scroll_down=''  data-control_layout='av-control-default'  data-custom_markup=''  data-perma_caption=''  data-autoplay_stopper=''  data-image_attachment=''  data-min_height='0px'  data-lazy_loading='disabled'  class='avia-slideshow avia-slideshow-2  av-control-default av-default-height-applied avia-slideshow-no scaling av_slideshow  avia-builder-el-7  el_after_av_textblock  avia-builder-el-last   avia-slide-slider '  itemprop=\"image\" itemscope=\"itemscope\" itemtype=\"https:\/\/schema.org\/ImageObject\" ><ul class='avia-slideshow-inner ' style='padding-bottom: 137.51668891856%;' ><li  class=' slide-1 ' ><div data-rel='slideshow-2' class='avia-slide-wrap '   ><img class=\"wp-image-819 avia-img-lazy-loading-not-819\"  src=\"https:\/\/www.damlasulama.com\/fra\/wp-content\/uploads\/2021\/09\/IQNET-749x1030-1.jpg\" width=\"749\" height=\"1030\" title='IQNET-749x1030' alt=''  itemprop=\"thumbnailUrl\" srcset=\"https:\/\/www.damlasulama.com\/fra\/wp-content\/uploads\/2021\/09\/IQNET-749x1030-1.jpg 749w, https:\/\/www.damlasulama.com\/fra\/wp-content\/uploads\/2021\/09\/IQNET-749x1030-1-218x300.jpg 218w, https:\/\/www.damlasulama.com\/fra\/wp-content\/uploads\/2021\/09\/IQNET-749x1030-1-513x705.jpg 513w\" sizes=\"(max-width: 749px) 100vw, 749px\" \/><\/div><\/li><li  class=' slide-2 ' ><div data-rel='slideshow-2' class='avia-slide-wrap '   ><img class=\"wp-image-820 avia-img-lazy-loading-not-820\"  src=\"https:\/\/www.damlasulama.com\/fra\/wp-content\/uploads\/2021\/09\/kalite-2.jpg\" width=\"800\" height=\"125\" title='kalite-2' alt=''  itemprop=\"thumbnailUrl\" srcset=\"https:\/\/www.damlasulama.com\/fra\/wp-content\/uploads\/2021\/09\/kalite-2.jpg 800w, https:\/\/www.damlasulama.com\/fra\/wp-content\/uploads\/2021\/09\/kalite-2-300x47.jpg 300w, https:\/\/www.damlasulama.com\/fra\/wp-content\/uploads\/2021\/09\/kalite-2-768x120.jpg 768w, https:\/\/www.damlasulama.com\/fra\/wp-content\/uploads\/2021\/09\/kalite-2-705x110.jpg 705w\" sizes=\"(max-width: 800px) 100vw, 800px\" \/><\/div><\/li><li  class=' slide-3 ' ><div data-rel='slideshow-2' class='avia-slide-wrap '   ><img class=\"wp-image-821 avia-img-lazy-loading-not-821\"  src=\"https:\/\/www.damlasulama.com\/fra\/wp-content\/uploads\/2021\/09\/kalite3.jpg\" width=\"800\" height=\"533\" title='kalite3' alt=''  itemprop=\"thumbnailUrl\" srcset=\"https:\/\/www.damlasulama.com\/fra\/wp-content\/uploads\/2021\/09\/kalite3.jpg 800w, https:\/\/www.damlasulama.com\/fra\/wp-content\/uploads\/2021\/09\/kalite3-300x200.jpg 300w, https:\/\/www.damlasulama.com\/fra\/wp-content\/uploads\/2021\/09\/kalite3-768x512.jpg 768w, https:\/\/www.damlasulama.com\/fra\/wp-content\/uploads\/2021\/09\/kalite3-705x470.jpg 705w\" sizes=\"(max-width: 800px) 100vw, 800px\" \/><\/div><\/li><li  class=' slide-4 ' ><div data-rel='slideshow-2' class='avia-slide-wrap '   ><img class=\"wp-image-822 avia-img-lazy-loading-not-822\"  src=\"https:\/\/www.damlasulama.com\/fra\/wp-content\/uploads\/2021\/09\/kalite4.jpg\" width=\"800\" height=\"531\" title='kalite4' alt=''  itemprop=\"thumbnailUrl\" srcset=\"https:\/\/www.damlasulama.com\/fra\/wp-content\/uploads\/2021\/09\/kalite4.jpg 800w, https:\/\/www.damlasulama.com\/fra\/wp-content\/uploads\/2021\/09\/kalite4-300x199.jpg 300w, https:\/\/www.damlasulama.com\/fra\/wp-content\/uploads\/2021\/09\/kalite4-768x510.jpg 768w, https:\/\/www.damlasulama.com\/fra\/wp-content\/uploads\/2021\/09\/kalite4-705x468.jpg 705w\" sizes=\"(max-width: 800px) 100vw, 800px\" \/><\/div><\/li><\/ul><div class='avia-slideshow-arrows avia-slideshow-controls'><a href='#prev' class='prev-slide' aria-hidden='true' data-av_icon='\ue87c' data-av_iconfont='entypo-fontello'>Pr\u00e9c\u00e9dent<\/a><a href='#next' class='next-slide' aria-hidden='true' data-av_icon='\ue87d' data-av_iconfont='entypo-fontello'>Suivant<\/a><\/div><div class='avia-slideshow-dots avia-slideshow-controls'><a href='#1' class='goto-slide active' >1<\/a><a href='#2' class='goto-slide ' >2<\/a><a href='#3' class='goto-slide ' >3<\/a><a href='#4' class='goto-slide ' >4<\/a><\/div><\/div><\/p><\/div><div class=\"flex_column av_one_third  flex_column_div av-zero-column-padding   avia-builder-el-8  el_after_av_one_third  avia-builder-el-last  \" style='border-radius:0px; '><section class=\"av_textblock_section \"  itemscope=\"itemscope\" itemtype=\"https:\/\/schema.org\/CreativeWork\" ><div class='avia_textblock  '   itemprop=\"text\" ><p style=\"text-align: center;\"><strong>Rapports D&rsquo;analyse<\/strong><\/p>\n<p style=\"text-align: center;\">\n<\/div><\/section><br \/>\n<div   data-size='no scaling'  data-lightbox_size='large'  data-animation='slide'  data-conditional_play=''  data-ids='823,824,825,826,827,828'  data-video_counter='0'  data-autoplay='false'  data-bg_slider='false'  data-slide_height=''  data-handle='av_slideshow'  data-interval='5'  data-class=' avia-builder-el-10  el_after_av_textblock  avia-builder-el-last  '  data-el_id=''  data-css_id=''  data-scroll_down=''  data-control_layout='av-control-default'  data-custom_markup=''  data-perma_caption=''  data-autoplay_stopper=''  data-image_attachment=''  data-min_height='0px'  data-lazy_loading='disabled'  class='avia-slideshow avia-slideshow-3  av-control-default av-default-height-applied avia-slideshow-no scaling av_slideshow  avia-builder-el-10  el_after_av_textblock  avia-builder-el-last   avia-slide-slider '  itemprop=\"image\" itemscope=\"itemscope\" itemtype=\"https:\/\/schema.org\/ImageObject\" ><ul class='avia-slideshow-inner ' style='padding-bottom: 137.51668891856%;' ><li  class=' slide-1 ' ><div data-rel='slideshow-3' class='avia-slide-wrap '   ><img class=\"wp-image-823 avia-img-lazy-loading-not-823\"  src=\"https:\/\/www.damlasulama.com\/fra\/wp-content\/uploads\/2021\/09\/deney1-749x1030-1.jpg\" width=\"749\" height=\"1030\" title='deney1-749x1030' alt=''  itemprop=\"thumbnailUrl\" srcset=\"https:\/\/www.damlasulama.com\/fra\/wp-content\/uploads\/2021\/09\/deney1-749x1030-1.jpg 749w, https:\/\/www.damlasulama.com\/fra\/wp-content\/uploads\/2021\/09\/deney1-749x1030-1-218x300.jpg 218w, https:\/\/www.damlasulama.com\/fra\/wp-content\/uploads\/2021\/09\/deney1-749x1030-1-513x705.jpg 513w\" sizes=\"(max-width: 749px) 100vw, 749px\" \/><\/div><\/li><li  class=' slide-2 ' ><div data-rel='slideshow-3' class='avia-slide-wrap '   ><img class=\"wp-image-824 avia-img-lazy-loading-not-824\"  src=\"https:\/\/www.damlasulama.com\/fra\/wp-content\/uploads\/2021\/09\/deney2-749x1030-1.jpg\" width=\"749\" height=\"1030\" title='deney2-749x1030' alt=''  itemprop=\"thumbnailUrl\" srcset=\"https:\/\/www.damlasulama.com\/fra\/wp-content\/uploads\/2021\/09\/deney2-749x1030-1.jpg 749w, https:\/\/www.damlasulama.com\/fra\/wp-content\/uploads\/2021\/09\/deney2-749x1030-1-218x300.jpg 218w, https:\/\/www.damlasulama.com\/fra\/wp-content\/uploads\/2021\/09\/deney2-749x1030-1-513x705.jpg 513w\" sizes=\"(max-width: 749px) 100vw, 749px\" \/><\/div><\/li><li  class=' slide-3 ' ><div data-rel='slideshow-3' class='avia-slide-wrap '   ><img class=\"wp-image-825 avia-img-lazy-loading-not-825\"  src=\"https:\/\/www.damlasulama.com\/fra\/wp-content\/uploads\/2021\/09\/deney3-749x1030-1.jpg\" width=\"749\" height=\"1030\" title='deney3-749x1030' alt=''  itemprop=\"thumbnailUrl\" srcset=\"https:\/\/www.damlasulama.com\/fra\/wp-content\/uploads\/2021\/09\/deney3-749x1030-1.jpg 749w, https:\/\/www.damlasulama.com\/fra\/wp-content\/uploads\/2021\/09\/deney3-749x1030-1-218x300.jpg 218w, https:\/\/www.damlasulama.com\/fra\/wp-content\/uploads\/2021\/09\/deney3-749x1030-1-513x705.jpg 513w\" sizes=\"(max-width: 749px) 100vw, 749px\" \/><\/div><\/li><li  class=' slide-4 ' ><div data-rel='slideshow-3' class='avia-slide-wrap '   ><img class=\"wp-image-826 avia-img-lazy-loading-not-826\"  src=\"https:\/\/www.damlasulama.com\/fra\/wp-content\/uploads\/2021\/09\/deney4-749x1030-1.jpg\" width=\"749\" height=\"1030\" title='deney4-749x1030' alt=''  itemprop=\"thumbnailUrl\" srcset=\"https:\/\/www.damlasulama.com\/fra\/wp-content\/uploads\/2021\/09\/deney4-749x1030-1.jpg 749w, https:\/\/www.damlasulama.com\/fra\/wp-content\/uploads\/2021\/09\/deney4-749x1030-1-218x300.jpg 218w, https:\/\/www.damlasulama.com\/fra\/wp-content\/uploads\/2021\/09\/deney4-749x1030-1-513x705.jpg 513w\" sizes=\"(max-width: 749px) 100vw, 749px\" \/><\/div><\/li><li  class=' slide-5 ' ><div data-rel='slideshow-3' class='avia-slide-wrap '   ><img class=\"wp-image-827 avia-img-lazy-loading-not-827\"  src=\"https:\/\/www.damlasulama.com\/fra\/wp-content\/uploads\/2021\/09\/deney5-749x1030-1.jpg\" width=\"749\" height=\"1030\" title='deney5-749x1030' alt=''  itemprop=\"thumbnailUrl\" srcset=\"https:\/\/www.damlasulama.com\/fra\/wp-content\/uploads\/2021\/09\/deney5-749x1030-1.jpg 749w, https:\/\/www.damlasulama.com\/fra\/wp-content\/uploads\/2021\/09\/deney5-749x1030-1-218x300.jpg 218w, https:\/\/www.damlasulama.com\/fra\/wp-content\/uploads\/2021\/09\/deney5-749x1030-1-513x705.jpg 513w\" sizes=\"(max-width: 749px) 100vw, 749px\" \/><\/div><\/li><li  class=' slide-6 ' ><div data-rel='slideshow-3' class='avia-slide-wrap '   ><img class=\"wp-image-828 avia-img-lazy-loading-not-828\"  src=\"https:\/\/www.damlasulama.com\/fra\/wp-content\/uploads\/2021\/09\/deney6-749x1030-1.jpg\" width=\"749\" height=\"1030\" title='deney6-749x1030' alt=''  itemprop=\"thumbnailUrl\" srcset=\"https:\/\/www.damlasulama.com\/fra\/wp-content\/uploads\/2021\/09\/deney6-749x1030-1.jpg 749w, https:\/\/www.damlasulama.com\/fra\/wp-content\/uploads\/2021\/09\/deney6-749x1030-1-218x300.jpg 218w, https:\/\/www.damlasulama.com\/fra\/wp-content\/uploads\/2021\/09\/deney6-749x1030-1-513x705.jpg 513w\" sizes=\"(max-width: 749px) 100vw, 749px\" \/><\/div><\/li><\/ul><div class='avia-slideshow-arrows avia-slideshow-controls'><a href='#prev' class='prev-slide' aria-hidden='true' data-av_icon='\ue87c' data-av_iconfont='entypo-fontello'>Pr\u00e9c\u00e9dent<\/a><a href='#next' class='next-slide' aria-hidden='true' data-av_icon='\ue87d' data-av_iconfont='entypo-fontello'>Suivant<\/a><\/div><div class='avia-slideshow-dots avia-slideshow-controls'><a href='#1' class='goto-slide active' >1<\/a><a href='#2' class='goto-slide ' >2<\/a><a href='#3' class='goto-slide ' >3<\/a><a href='#4' class='goto-slide ' >4<\/a><a href='#5' class='goto-slide ' >5<\/a><a href='#6' class='goto-slide ' >6<\/a><\/div><\/div><\/p><\/div>\n<\/div><\/div><\/div><!-- close content main div --><\/div><\/div><\/div><div id='after_section_1'  class='main_color av_default_container_wrap container_wrap sidebar_right' style=' '  ><div class='container' ><div class='template-page content  av-content-small alpha units'><div class='post-entry post-entry-type-page post-entry-816'><div class='entry-content-wrapper clearfix'>\n<section class=\"av_textblock_section \"  itemscope=\"itemscope\" itemtype=\"https:\/\/schema.org\/CreativeWork\" ><div class='avia_textblock  '   itemprop=\"text\" ><h1 style=\"text-align: center;\"><strong>Surveillance de l&rsquo;extrusion de Damla Plast<\/strong><\/h1>\n<\/div><\/section>\n<div  class='avia-video avia-video-16-9   av-lazyload-immediate  av-lazyload-video-embed  '   itemprop=\"video\" itemtype=\"https:\/\/schema.org\/VideoObject\"  data-original_url='https:\/\/www.youtube.com\/watch?v=2Gf_PY-XpMQ' ><script type='text\/html' class='av-video-tmpl'><div class='avia-iframe-wrap'><iframe title=\"Damla Plast Introduction\" width=\"1500\" height=\"844\" src=\"https:\/\/www.youtube.com\/embed\/2Gf_PY-XpMQ?feature=oembed&autoplay=0&loop=0&controls=1&mute=0\" frameborder=\"0\" allow=\"accelerometer; autoplay; clipboard-write; encrypted-media; gyroscope; picture-in-picture; web-share\" allowfullscreen><\/iframe><\/div><\/script><div class='av-click-to-play-overlay'><div class=\"avia_playpause_icon\"><\/div><\/div><\/div>\n\n","protected":false},"excerpt":{"rendered":"","protected":false},"author":1,"featured_media":0,"parent":0,"menu_order":0,"comment_status":"closed","ping_status":"closed","template":"","meta":[],"yoast_head":"<!-- This site is optimized with the Yoast SEO plugin v19.8 - https:\/\/yoast.com\/wordpress\/plugins\/seo\/ -->\n<title>QUI SOMMES-NOUS - Damla Plast Machine<\/title>\n<meta name=\"description\" content=\"Syst\u00e8mes d&#039;irrigation Damla Plast Makine San. \u00c9changer Vous pouvez visionner notre film promotionnel, notre catalogue technologique et d&#039;autres informations sur la page \u00c0 propos de A.\u015e.\" \/>\n<meta name=\"robots\" content=\"index, follow, max-snippet:-1, max-image-preview:large, max-video-preview:-1\" \/>\n<link rel=\"canonical\" href=\"https:\/\/www.damlasulama.com\/fra\/qui-sommes-nous\/\" \/>\n<meta property=\"og:locale\" content=\"fr_FR\" \/>\n<meta property=\"og:type\" content=\"article\" \/>\n<meta property=\"og:title\" content=\"QUI SOMMES-NOUS - Damla Plast Machine\" \/>\n<meta property=\"og:description\" content=\"Syst\u00e8mes d&#039;irrigation Damla Plast Makine San. \u00c9changer Vous pouvez visionner notre film promotionnel, notre catalogue technologique et d&#039;autres informations sur la page \u00c0 propos de A.\u015e.\" \/>\n<meta property=\"og:url\" content=\"https:\/\/www.damlasulama.com\/fra\/qui-sommes-nous\/\" \/>\n<meta property=\"og:site_name\" content=\"Damla Plast Machine\" \/>\n<meta property=\"article:modified_time\" content=\"2021-12-20T08:48:48+00:00\" \/>\n<meta name=\"twitter:card\" content=\"summary_large_image\" \/>\n<meta name=\"twitter:label1\" content=\"Dur\u00e9e de lecture estim\u00e9e\" \/>\n\t<meta name=\"twitter:data1\" content=\"4 minutes\" \/>\n<script type=\"application\/ld+json\" class=\"yoast-schema-graph\">{\"@context\":\"https:\/\/schema.org\",\"@graph\":[{\"@type\":\"WebPage\",\"@id\":\"https:\/\/www.damlasulama.com\/fra\/qui-sommes-nous\/\",\"url\":\"https:\/\/www.damlasulama.com\/fra\/qui-sommes-nous\/\",\"name\":\"QUI SOMMES-NOUS - Damla Plast Machine\",\"isPartOf\":{\"@id\":\"https:\/\/www.damlasulama.com\/fra\/#website\"},\"datePublished\":\"2021-09-02T08:47:59+00:00\",\"dateModified\":\"2021-12-20T08:48:48+00:00\",\"description\":\"Syst\u00e8mes d'irrigation Damla Plast Makine San. \u00c9changer Vous pouvez visionner notre film promotionnel, notre catalogue technologique et d'autres informations sur la page \u00c0 propos de A.\u015e.\",\"breadcrumb\":{\"@id\":\"https:\/\/www.damlasulama.com\/fra\/qui-sommes-nous\/#breadcrumb\"},\"inLanguage\":\"fr-FR\",\"potentialAction\":[{\"@type\":\"ReadAction\",\"target\":[\"https:\/\/www.damlasulama.com\/fra\/qui-sommes-nous\/\"]}]},{\"@type\":\"BreadcrumbList\",\"@id\":\"https:\/\/www.damlasulama.com\/fra\/qui-sommes-nous\/#breadcrumb\",\"itemListElement\":[{\"@type\":\"ListItem\",\"position\":1,\"name\":\"Anasayfa\",\"item\":\"https:\/\/www.damlasulama.com\/fra\/\"},{\"@type\":\"ListItem\",\"position\":2,\"name\":\"QUI SOMMES-NOUS\"}]},{\"@type\":\"WebSite\",\"@id\":\"https:\/\/www.damlasulama.com\/fra\/#website\",\"url\":\"https:\/\/www.damlasulama.com\/fra\/\",\"name\":\"Damla Plast Machine\",\"description\":\"Une Longueur D&#039;Avance\",\"potentialAction\":[{\"@type\":\"SearchAction\",\"target\":{\"@type\":\"EntryPoint\",\"urlTemplate\":\"https:\/\/www.damlasulama.com\/fra\/?s={search_term_string}\"},\"query-input\":\"required name=search_term_string\"}],\"inLanguage\":\"fr-FR\"}]}<\/script>\n<!-- \/ Yoast SEO plugin. -->","yoast_head_json":{"title":"QUI SOMMES-NOUS - Damla Plast Machine","description":"Syst\u00e8mes d'irrigation Damla Plast Makine San. \u00c9changer Vous pouvez visionner notre film promotionnel, notre catalogue technologique et d'autres informations sur la page \u00c0 propos de A.\u015e.","robots":{"index":"index","follow":"follow","max-snippet":"max-snippet:-1","max-image-preview":"max-image-preview:large","max-video-preview":"max-video-preview:-1"},"canonical":"https:\/\/www.damlasulama.com\/fra\/qui-sommes-nous\/","og_locale":"fr_FR","og_type":"article","og_title":"QUI SOMMES-NOUS - Damla Plast Machine","og_description":"Syst\u00e8mes d'irrigation Damla Plast Makine San. \u00c9changer Vous pouvez visionner notre film promotionnel, notre catalogue technologique et d'autres informations sur la page \u00c0 propos de A.\u015e.","og_url":"https:\/\/www.damlasulama.com\/fra\/qui-sommes-nous\/","og_site_name":"Damla Plast Machine","article_modified_time":"2021-12-20T08:48:48+00:00","twitter_card":"summary_large_image","twitter_misc":{"Dur\u00e9e de lecture estim\u00e9e":"4 minutes"},"schema":{"@context":"https:\/\/schema.org","@graph":[{"@type":"WebPage","@id":"https:\/\/www.damlasulama.com\/fra\/qui-sommes-nous\/","url":"https:\/\/www.damlasulama.com\/fra\/qui-sommes-nous\/","name":"QUI SOMMES-NOUS - Damla Plast Machine","isPartOf":{"@id":"https:\/\/www.damlasulama.com\/fra\/#website"},"datePublished":"2021-09-02T08:47:59+00:00","dateModified":"2021-12-20T08:48:48+00:00","description":"Syst\u00e8mes d'irrigation Damla Plast Makine San. \u00c9changer Vous pouvez visionner notre film promotionnel, notre catalogue technologique et d'autres informations sur la page \u00c0 propos de A.\u015e.","breadcrumb":{"@id":"https:\/\/www.damlasulama.com\/fra\/qui-sommes-nous\/#breadcrumb"},"inLanguage":"fr-FR","potentialAction":[{"@type":"ReadAction","target":["https:\/\/www.damlasulama.com\/fra\/qui-sommes-nous\/"]}]},{"@type":"BreadcrumbList","@id":"https:\/\/www.damlasulama.com\/fra\/qui-sommes-nous\/#breadcrumb","itemListElement":[{"@type":"ListItem","position":1,"name":"Anasayfa","item":"https:\/\/www.damlasulama.com\/fra\/"},{"@type":"ListItem","position":2,"name":"QUI SOMMES-NOUS"}]},{"@type":"WebSite","@id":"https:\/\/www.damlasulama.com\/fra\/#website","url":"https:\/\/www.damlasulama.com\/fra\/","name":"Damla Plast Machine","description":"Une Longueur D&#039;Avance","potentialAction":[{"@type":"SearchAction","target":{"@type":"EntryPoint","urlTemplate":"https:\/\/www.damlasulama.com\/fra\/?s={search_term_string}"},"query-input":"required name=search_term_string"}],"inLanguage":"fr-FR"}]}},"_links":{"self":[{"href":"https:\/\/www.damlasulama.com\/fra\/wp-json\/wp\/v2\/pages\/816"}],"collection":[{"href":"https:\/\/www.damlasulama.com\/fra\/wp-json\/wp\/v2\/pages"}],"about":[{"href":"https:\/\/www.damlasulama.com\/fra\/wp-json\/wp\/v2\/types\/page"}],"author":[{"embeddable":true,"href":"https:\/\/www.damlasulama.com\/fra\/wp-json\/wp\/v2\/users\/1"}],"replies":[{"embeddable":true,"href":"https:\/\/www.damlasulama.com\/fra\/wp-json\/wp\/v2\/comments?post=816"}],"version-history":[{"count":7,"href":"https:\/\/www.damlasulama.com\/fra\/wp-json\/wp\/v2\/pages\/816\/revisions"}],"predecessor-version":[{"id":863,"href":"https:\/\/www.damlasulama.com\/fra\/wp-json\/wp\/v2\/pages\/816\/revisions\/863"}],"wp:attachment":[{"href":"https:\/\/www.damlasulama.com\/fra\/wp-json\/wp\/v2\/media?parent=816"}],"curies":[{"name":"wp","href":"https:\/\/api.w.org\/{rel}","templated":true}]}}