{"id":882,"date":"2022-01-17T14:25:22","date_gmt":"2022-01-17T11:25:22","guid":{"rendered":"https:\/\/www.damlasulama.com\/fra\/?page_id=882"},"modified":"2022-02-23T14:30:06","modified_gmt":"2022-02-23T11:30:06","slug":"ligne-de-production-de-pe-pipe","status":"publish","type":"page","link":"https:\/\/www.damlasulama.com\/fra\/ligne-de-production-de-pe-pipe\/","title":{"rendered":"LIGNE DE PRODUCTION DE PE PIPE"},"content":{"rendered":"<div id='av_section_1'  class='avia-section main_color avia-section-default avia-no-shadow  avia-full-stretch av-section-color-overlay-active avia-bg-style-scroll  avia-builder-el-0  avia-builder-el-no-sibling   container_wrap sidebar_right' style='background-repeat: no-repeat; background-image: url(https:\/\/www.damlasulama.com\/fra\/wp-content\/uploads\/2020\/08\/fabrika-gorsel.jpg);background-attachment: scroll; background-position: top left;  '  data-section-bg-repeat='stretch'><div class='av-section-color-overlay-wrap'><div class='av-section-color-overlay' style='opacity: 0.8; background-color: #ffffff; '><\/div><div class='container' ><main  role=\"main\" itemprop=\"mainContentOfPage\"  class='template-page content  av-content-small alpha units'><div class='post-entry post-entry-type-page post-entry-882'><div class='entry-content-wrapper clearfix'>\n<section class=\"av_textblock_section \"  itemscope=\"itemscope\" itemtype=\"https:\/\/schema.org\/CreativeWork\" ><div class='avia_textblock  '   itemprop=\"text\" ><h5 style=\"text-align: center;\">LIGNE DE PRODUCTION DE PE PIPE<\/h5>\n<\/div><\/section>\n<div  class='av-horizontal-gallery av-horizontal-gallery-large-gap av-horizontal-gallery--effect av-horizontal-gallery-1  avia-builder-el-2  el_after_av_textblock  el_before_av_textblock  av-control-default '  itemprop=\"image\" itemscope=\"itemscope\" itemtype=\"https:\/\/schema.org\/ImageObject\"   data-av-initial='6' ><div class='avia-slideshow-arrows avia-slideshow-controls'><a href='#prev' class='prev-slide av-horizontal-gallery-prev' aria-hidden='true' data-av_icon='\ue87c' data-av_iconfont='entypo-fontello'>Pr\u00e9c\u00e9dent<\/a><a href='#next' class='next-slide av-horizontal-gallery-next' aria-hidden='true' data-av_icon='\ue87d' data-av_iconfont='entypo-fontello'>Suivant <\/a><\/div><div class='av-horizontal-gallery-inner' style='padding-bottom:20%' data-av-height='20'><div class='av-horizontal-gallery-slider'><div class='av-horizontal-gallery-wrap noHover'><img class='wp-image-1014 avia-img-lazy-loading-not-1014 av-horizontal-gallery-img' width=\"993\" height=\"800\" src=\"https:\/\/www.damlasulama.com\/fra\/wp-content\/uploads\/2022\/02\/pe-8.png\" title='Damla Plast Machine - PE Table basculante' alt='' srcset=\"https:\/\/www.damlasulama.com\/fra\/wp-content\/uploads\/2022\/02\/pe-8.png 993w, https:\/\/www.damlasulama.com\/fra\/wp-content\/uploads\/2022\/02\/pe-8-300x242.png 300w, https:\/\/www.damlasulama.com\/fra\/wp-content\/uploads\/2022\/02\/pe-8-768x619.png 768w, https:\/\/www.damlasulama.com\/fra\/wp-content\/uploads\/2022\/02\/pe-8-495x400.png 495w, https:\/\/www.damlasulama.com\/fra\/wp-content\/uploads\/2022\/02\/pe-8-705x568.png 705w\" sizes=\"(max-width: 993px) 100vw, 993px\" \/><a href='https:\/\/www.damlasulama.com\/fra\/wp-content\/uploads\/2022\/02\/pe-8.png' class='av-horizontal-gallery-link' aria-hidden='true' data-av_icon='\ue869' data-av_iconfont='entypo-fontello' title='Damla Plast Machine - PE Table basculante' alt=''><\/a><\/div><div class='av-horizontal-gallery-wrap noHover'><img class='wp-image-1013 avia-img-lazy-loading-not-1013 av-horizontal-gallery-img' width=\"993\" height=\"800\" src=\"https:\/\/www.damlasulama.com\/fra\/wp-content\/uploads\/2022\/02\/pe-7.png\" title='Damla Plast Machine - PE Coupe-tuyau' alt='' srcset=\"https:\/\/www.damlasulama.com\/fra\/wp-content\/uploads\/2022\/02\/pe-7.png 993w, https:\/\/www.damlasulama.com\/fra\/wp-content\/uploads\/2022\/02\/pe-7-300x242.png 300w, https:\/\/www.damlasulama.com\/fra\/wp-content\/uploads\/2022\/02\/pe-7-768x619.png 768w, https:\/\/www.damlasulama.com\/fra\/wp-content\/uploads\/2022\/02\/pe-7-495x400.png 495w, https:\/\/www.damlasulama.com\/fra\/wp-content\/uploads\/2022\/02\/pe-7-705x568.png 705w\" sizes=\"(max-width: 993px) 100vw, 993px\" \/><a href='https:\/\/www.damlasulama.com\/fra\/wp-content\/uploads\/2022\/02\/pe-7.png' class='av-horizontal-gallery-link' aria-hidden='true' data-av_icon='\ue869' data-av_iconfont='entypo-fontello' title='Damla Plast Machine - PE Coupe-tuyau' alt=''><\/a><\/div><div class='av-horizontal-gallery-wrap noHover'><img class='wp-image-1012 avia-img-lazy-loading-not-1012 av-horizontal-gallery-img' width=\"993\" height=\"800\" src=\"https:\/\/www.damlasulama.com\/fra\/wp-content\/uploads\/2022\/02\/pe-6.png\" title='Damla Plast Machine - PE Marteau \u00e0 pipe' alt='' srcset=\"https:\/\/www.damlasulama.com\/fra\/wp-content\/uploads\/2022\/02\/pe-6.png 993w, https:\/\/www.damlasulama.com\/fra\/wp-content\/uploads\/2022\/02\/pe-6-300x242.png 300w, https:\/\/www.damlasulama.com\/fra\/wp-content\/uploads\/2022\/02\/pe-6-768x619.png 768w, https:\/\/www.damlasulama.com\/fra\/wp-content\/uploads\/2022\/02\/pe-6-495x400.png 495w, https:\/\/www.damlasulama.com\/fra\/wp-content\/uploads\/2022\/02\/pe-6-705x568.png 705w\" sizes=\"(max-width: 993px) 100vw, 993px\" \/><a href='https:\/\/www.damlasulama.com\/fra\/wp-content\/uploads\/2022\/02\/pe-6.png' class='av-horizontal-gallery-link' aria-hidden='true' data-av_icon='\ue869' data-av_iconfont='entypo-fontello' title='Damla Plast Machine - PE Marteau \u00e0 pipe' alt=''><\/a><\/div><div class='av-horizontal-gallery-wrap noHover'><img class='wp-image-1011 avia-img-lazy-loading-not-1011 av-horizontal-gallery-img' width=\"993\" height=\"800\" src=\"https:\/\/www.damlasulama.com\/fra\/wp-content\/uploads\/2022\/02\/pe-5.png\" title='Damla Plast Machine - PE Piscine de refroidissement' alt='' srcset=\"https:\/\/www.damlasulama.com\/fra\/wp-content\/uploads\/2022\/02\/pe-5.png 993w, https:\/\/www.damlasulama.com\/fra\/wp-content\/uploads\/2022\/02\/pe-5-300x242.png 300w, https:\/\/www.damlasulama.com\/fra\/wp-content\/uploads\/2022\/02\/pe-5-768x619.png 768w, https:\/\/www.damlasulama.com\/fra\/wp-content\/uploads\/2022\/02\/pe-5-495x400.png 495w, https:\/\/www.damlasulama.com\/fra\/wp-content\/uploads\/2022\/02\/pe-5-705x568.png 705w\" sizes=\"(max-width: 993px) 100vw, 993px\" \/><a href='https:\/\/www.damlasulama.com\/fra\/wp-content\/uploads\/2022\/02\/pe-5.png' class='av-horizontal-gallery-link' aria-hidden='true' data-av_icon='\ue869' data-av_iconfont='entypo-fontello' title='Damla Plast Machine - PE Piscine de refroidissement' alt=''><\/a><\/div><div class='av-horizontal-gallery-wrap noHover'><img class='wp-image-1010 avia-img-lazy-loading-not-1010 av-horizontal-gallery-img' width=\"993\" height=\"800\" src=\"https:\/\/www.damlasulama.com\/fra\/wp-content\/uploads\/2022\/02\/pe-4.png\" title='Damla Plast Machine - PE Piscine sous vide' alt='' srcset=\"https:\/\/www.damlasulama.com\/fra\/wp-content\/uploads\/2022\/02\/pe-4.png 993w, https:\/\/www.damlasulama.com\/fra\/wp-content\/uploads\/2022\/02\/pe-4-300x242.png 300w, https:\/\/www.damlasulama.com\/fra\/wp-content\/uploads\/2022\/02\/pe-4-768x619.png 768w, https:\/\/www.damlasulama.com\/fra\/wp-content\/uploads\/2022\/02\/pe-4-495x400.png 495w, https:\/\/www.damlasulama.com\/fra\/wp-content\/uploads\/2022\/02\/pe-4-705x568.png 705w\" sizes=\"(max-width: 993px) 100vw, 993px\" \/><a href='https:\/\/www.damlasulama.com\/fra\/wp-content\/uploads\/2022\/02\/pe-4.png' class='av-horizontal-gallery-link' aria-hidden='true' data-av_icon='\ue869' data-av_iconfont='entypo-fontello' title='Damla Plast Machine - PE Piscine sous vide' alt=''><\/a><\/div><div class='av-horizontal-gallery-wrap noHover'><img class='wp-image-1009 avia-img-lazy-loading-not-1009 av-horizontal-gallery-img' width=\"993\" height=\"800\" src=\"https:\/\/www.damlasulama.com\/fra\/wp-content\/uploads\/2022\/02\/pe-3.png\" title='Damla Plast Machine - PE Piscine sous vide' alt='' srcset=\"https:\/\/www.damlasulama.com\/fra\/wp-content\/uploads\/2022\/02\/pe-3.png 993w, https:\/\/www.damlasulama.com\/fra\/wp-content\/uploads\/2022\/02\/pe-3-300x242.png 300w, https:\/\/www.damlasulama.com\/fra\/wp-content\/uploads\/2022\/02\/pe-3-768x619.png 768w, https:\/\/www.damlasulama.com\/fra\/wp-content\/uploads\/2022\/02\/pe-3-495x400.png 495w, https:\/\/www.damlasulama.com\/fra\/wp-content\/uploads\/2022\/02\/pe-3-705x568.png 705w\" sizes=\"(max-width: 993px) 100vw, 993px\" \/><a href='https:\/\/www.damlasulama.com\/fra\/wp-content\/uploads\/2022\/02\/pe-3.png' class='av-horizontal-gallery-link' aria-hidden='true' data-av_icon='\ue869' data-av_iconfont='entypo-fontello' title='Damla Plast Machine - PE Piscine sous vide' alt=''><\/a><\/div><div class='av-horizontal-gallery-wrap noHover'><img class='wp-image-1008 avia-img-lazy-loading-not-1008 av-horizontal-gallery-img' width=\"993\" height=\"800\" src=\"https:\/\/www.damlasulama.com\/fra\/wp-content\/uploads\/2022\/02\/pe-2.png\" title='Damla Plast Machine - PE Extrudeuse' alt='' srcset=\"https:\/\/www.damlasulama.com\/fra\/wp-content\/uploads\/2022\/02\/pe-2.png 993w, https:\/\/www.damlasulama.com\/fra\/wp-content\/uploads\/2022\/02\/pe-2-300x242.png 300w, https:\/\/www.damlasulama.com\/fra\/wp-content\/uploads\/2022\/02\/pe-2-768x619.png 768w, https:\/\/www.damlasulama.com\/fra\/wp-content\/uploads\/2022\/02\/pe-2-495x400.png 495w, https:\/\/www.damlasulama.com\/fra\/wp-content\/uploads\/2022\/02\/pe-2-705x568.png 705w\" sizes=\"(max-width: 993px) 100vw, 993px\" \/><a href='https:\/\/www.damlasulama.com\/fra\/wp-content\/uploads\/2022\/02\/pe-2.png' class='av-horizontal-gallery-link' aria-hidden='true' data-av_icon='\ue869' data-av_iconfont='entypo-fontello' title='Damla Plast Machine - PE Extrudeuse' alt=''><\/a><\/div><div class='av-horizontal-gallery-wrap noHover'><img class='wp-image-1006 avia-img-lazy-loading-not-1006 av-horizontal-gallery-img' width=\"993\" height=\"800\" src=\"https:\/\/www.damlasulama.com\/fra\/wp-content\/uploads\/2022\/02\/pe-1.png\" title='Damla Plast Machine - PE Panneau de commande' alt='' srcset=\"https:\/\/www.damlasulama.com\/fra\/wp-content\/uploads\/2022\/02\/pe-1.png 993w, https:\/\/www.damlasulama.com\/fra\/wp-content\/uploads\/2022\/02\/pe-1-300x242.png 300w, https:\/\/www.damlasulama.com\/fra\/wp-content\/uploads\/2022\/02\/pe-1-768x619.png 768w, https:\/\/www.damlasulama.com\/fra\/wp-content\/uploads\/2022\/02\/pe-1-495x400.png 495w, https:\/\/www.damlasulama.com\/fra\/wp-content\/uploads\/2022\/02\/pe-1-705x568.png 705w\" sizes=\"(max-width: 993px) 100vw, 993px\" \/><a href='https:\/\/www.damlasulama.com\/fra\/wp-content\/uploads\/2022\/02\/pe-1.png' class='av-horizontal-gallery-link' aria-hidden='true' data-av_icon='\ue869' data-av_iconfont='entypo-fontello' title='Damla Plast Machine - PE Panneau de commande' alt=''><\/a><\/div><\/div><\/div><\/div>\n<section class=\"av_textblock_section \"  itemscope=\"itemscope\" itemtype=\"https:\/\/schema.org\/CreativeWork\" ><div class='avia_textblock  '  style='font-size:18px; '  itemprop=\"text\" ><p><strong>Fruit de notre technologie de pointe et de notre exp\u00e9rience, les lignes d&rsquo;extrusion de tuyaux en PE Damla Plast disposent \u00e9galement de syst\u00e8mes sp\u00e9ciaux qui vous permettent de produire des tuyaux en PE de haute qualit\u00e9 \u00e0 une, deux ou trois couches de diff\u00e9rents diam\u00e8tres, \u00e9paisseurs de paroi et longueurs. <\/strong><\/p>\n<p><strong>Comme toujours, Damla Plast n&rsquo;a pas fait de compromis sur la qualit\u00e9 de cette machine et a cr\u00e9\u00e9 des principes tels qu&rsquo;une efficacit\u00e9 \u00e9lev\u00e9e, un service convivial et rapide et un approvisionnement en pi\u00e8ces de rechange en stock et l&rsquo;a pr\u00e9sent\u00e9 \u00e0 nos pr\u00e9cieux clients.<\/strong><\/p>\n<p><strong> Vous appr\u00e9cierez nos solutions cl\u00e9s en main comprenant l&rsquo;inspection du projet, l&rsquo;installation, la mise en service, l&rsquo;orientation, la formation, le support du personnel, les solutions de moules et le support des \u00e9quipements p\u00e9riph\u00e9riques et le d\u00e9marrage en douceur de la production de tuyaux en PE.<\/strong><\/p>\n<\/div><\/section>\n<\/div><\/div><\/main><!-- close content main element --><\/div><\/div><\/div><div id='after_section_1'  class='main_color av_default_container_wrap container_wrap sidebar_right' style=' '  ><div class='container' ><div class='template-page content  av-content-small alpha units'><div class='post-entry post-entry-type-page post-entry-882'><div class='entry-content-wrapper clearfix'>\n","protected":false},"excerpt":{"rendered":"","protected":false},"author":1,"featured_media":0,"parent":0,"menu_order":0,"comment_status":"closed","ping_status":"closed","template":"","meta":[],"yoast_head":"<!-- This site is optimized with the Yoast SEO plugin v19.8 - https:\/\/yoast.com\/wordpress\/plugins\/seo\/ -->\n<title>LIGNE DE PRODUCTION DE PE PIPE - Damla Plast Machine<\/title>\n<meta name=\"description\" content=\"La ligne de production de tuyaux PE est l&#039;une des 3 lignes de production de Damla Plast. Vous pouvez examiner notre ligne de production fonctionnant avec 6 machines diff\u00e9rentes.\" \/>\n<meta name=\"robots\" content=\"index, follow, max-snippet:-1, max-image-preview:large, max-video-preview:-1\" \/>\n<link rel=\"canonical\" href=\"https:\/\/www.damlasulama.com\/fra\/ligne-de-production-de-pe-pipe\/\" \/>\n<meta property=\"og:locale\" content=\"fr_FR\" \/>\n<meta property=\"og:type\" content=\"article\" \/>\n<meta property=\"og:title\" content=\"LIGNE DE PRODUCTION DE PE PIPE - Damla Plast Machine\" \/>\n<meta property=\"og:description\" content=\"La ligne de production de tuyaux PE est l&#039;une des 3 lignes de production de Damla Plast. Vous pouvez examiner notre ligne de production fonctionnant avec 6 machines diff\u00e9rentes.\" \/>\n<meta property=\"og:url\" content=\"https:\/\/www.damlasulama.com\/fra\/ligne-de-production-de-pe-pipe\/\" \/>\n<meta property=\"og:site_name\" content=\"Damla Plast Machine\" \/>\n<meta property=\"article:modified_time\" content=\"2022-02-23T11:30:06+00:00\" \/>\n<meta name=\"twitter:card\" content=\"summary_large_image\" \/>\n<meta name=\"twitter:label1\" content=\"Dur\u00e9e de lecture estim\u00e9e\" \/>\n\t<meta name=\"twitter:data1\" content=\"2 minutes\" \/>\n<script type=\"application\/ld+json\" class=\"yoast-schema-graph\">{\"@context\":\"https:\/\/schema.org\",\"@graph\":[{\"@type\":\"WebPage\",\"@id\":\"https:\/\/www.damlasulama.com\/fra\/ligne-de-production-de-pe-pipe\/\",\"url\":\"https:\/\/www.damlasulama.com\/fra\/ligne-de-production-de-pe-pipe\/\",\"name\":\"LIGNE DE PRODUCTION DE PE PIPE - Damla Plast Machine\",\"isPartOf\":{\"@id\":\"https:\/\/www.damlasulama.com\/fra\/#website\"},\"datePublished\":\"2022-01-17T11:25:22+00:00\",\"dateModified\":\"2022-02-23T11:30:06+00:00\",\"description\":\"La ligne de production de tuyaux PE est l'une des 3 lignes de production de Damla Plast. Vous pouvez examiner notre ligne de production fonctionnant avec 6 machines diff\u00e9rentes.\",\"breadcrumb\":{\"@id\":\"https:\/\/www.damlasulama.com\/fra\/ligne-de-production-de-pe-pipe\/#breadcrumb\"},\"inLanguage\":\"fr-FR\",\"potentialAction\":[{\"@type\":\"ReadAction\",\"target\":[\"https:\/\/www.damlasulama.com\/fra\/ligne-de-production-de-pe-pipe\/\"]}]},{\"@type\":\"BreadcrumbList\",\"@id\":\"https:\/\/www.damlasulama.com\/fra\/ligne-de-production-de-pe-pipe\/#breadcrumb\",\"itemListElement\":[{\"@type\":\"ListItem\",\"position\":1,\"name\":\"Anasayfa\",\"item\":\"https:\/\/www.damlasulama.com\/fra\/\"},{\"@type\":\"ListItem\",\"position\":2,\"name\":\"LIGNE DE PRODUCTION DE PE PIPE\"}]},{\"@type\":\"WebSite\",\"@id\":\"https:\/\/www.damlasulama.com\/fra\/#website\",\"url\":\"https:\/\/www.damlasulama.com\/fra\/\",\"name\":\"Damla Plast Machine\",\"description\":\"Une Longueur D&#039;Avance\",\"potentialAction\":[{\"@type\":\"SearchAction\",\"target\":{\"@type\":\"EntryPoint\",\"urlTemplate\":\"https:\/\/www.damlasulama.com\/fra\/?s={search_term_string}\"},\"query-input\":\"required name=search_term_string\"}],\"inLanguage\":\"fr-FR\"}]}<\/script>\n<!-- \/ Yoast SEO plugin. -->","yoast_head_json":{"title":"LIGNE DE PRODUCTION DE PE PIPE - Damla Plast Machine","description":"La ligne de production de tuyaux PE est l'une des 3 lignes de production de Damla Plast. Vous pouvez examiner notre ligne de production fonctionnant avec 6 machines diff\u00e9rentes.","robots":{"index":"index","follow":"follow","max-snippet":"max-snippet:-1","max-image-preview":"max-image-preview:large","max-video-preview":"max-video-preview:-1"},"canonical":"https:\/\/www.damlasulama.com\/fra\/ligne-de-production-de-pe-pipe\/","og_locale":"fr_FR","og_type":"article","og_title":"LIGNE DE PRODUCTION DE PE PIPE - Damla Plast Machine","og_description":"La ligne de production de tuyaux PE est l'une des 3 lignes de production de Damla Plast. Vous pouvez examiner notre ligne de production fonctionnant avec 6 machines diff\u00e9rentes.","og_url":"https:\/\/www.damlasulama.com\/fra\/ligne-de-production-de-pe-pipe\/","og_site_name":"Damla Plast Machine","article_modified_time":"2022-02-23T11:30:06+00:00","twitter_card":"summary_large_image","twitter_misc":{"Dur\u00e9e de lecture estim\u00e9e":"2 minutes"},"schema":{"@context":"https:\/\/schema.org","@graph":[{"@type":"WebPage","@id":"https:\/\/www.damlasulama.com\/fra\/ligne-de-production-de-pe-pipe\/","url":"https:\/\/www.damlasulama.com\/fra\/ligne-de-production-de-pe-pipe\/","name":"LIGNE DE PRODUCTION DE PE PIPE - Damla Plast Machine","isPartOf":{"@id":"https:\/\/www.damlasulama.com\/fra\/#website"},"datePublished":"2022-01-17T11:25:22+00:00","dateModified":"2022-02-23T11:30:06+00:00","description":"La ligne de production de tuyaux PE est l'une des 3 lignes de production de Damla Plast. Vous pouvez examiner notre ligne de production fonctionnant avec 6 machines diff\u00e9rentes.","breadcrumb":{"@id":"https:\/\/www.damlasulama.com\/fra\/ligne-de-production-de-pe-pipe\/#breadcrumb"},"inLanguage":"fr-FR","potentialAction":[{"@type":"ReadAction","target":["https:\/\/www.damlasulama.com\/fra\/ligne-de-production-de-pe-pipe\/"]}]},{"@type":"BreadcrumbList","@id":"https:\/\/www.damlasulama.com\/fra\/ligne-de-production-de-pe-pipe\/#breadcrumb","itemListElement":[{"@type":"ListItem","position":1,"name":"Anasayfa","item":"https:\/\/www.damlasulama.com\/fra\/"},{"@type":"ListItem","position":2,"name":"LIGNE DE PRODUCTION DE PE PIPE"}]},{"@type":"WebSite","@id":"https:\/\/www.damlasulama.com\/fra\/#website","url":"https:\/\/www.damlasulama.com\/fra\/","name":"Damla Plast Machine","description":"Une Longueur D&#039;Avance","potentialAction":[{"@type":"SearchAction","target":{"@type":"EntryPoint","urlTemplate":"https:\/\/www.damlasulama.com\/fra\/?s={search_term_string}"},"query-input":"required name=search_term_string"}],"inLanguage":"fr-FR"}]}},"_links":{"self":[{"href":"https:\/\/www.damlasulama.com\/fra\/wp-json\/wp\/v2\/pages\/882"}],"collection":[{"href":"https:\/\/www.damlasulama.com\/fra\/wp-json\/wp\/v2\/pages"}],"about":[{"href":"https:\/\/www.damlasulama.com\/fra\/wp-json\/wp\/v2\/types\/page"}],"author":[{"embeddable":true,"href":"https:\/\/www.damlasulama.com\/fra\/wp-json\/wp\/v2\/users\/1"}],"replies":[{"embeddable":true,"href":"https:\/\/www.damlasulama.com\/fra\/wp-json\/wp\/v2\/comments?post=882"}],"version-history":[{"count":5,"href":"https:\/\/www.damlasulama.com\/fra\/wp-json\/wp\/v2\/pages\/882\/revisions"}],"predecessor-version":[{"id":1016,"href":"https:\/\/www.damlasulama.com\/fra\/wp-json\/wp\/v2\/pages\/882\/revisions\/1016"}],"wp:attachment":[{"href":"https:\/\/www.damlasulama.com\/fra\/wp-json\/wp\/v2\/media?parent=882"}],"curies":[{"name":"wp","href":"https:\/\/api.w.org\/{rel}","templated":true}]}}