{"id":888,"date":"2022-01-17T14:36:25","date_gmt":"2022-01-17T11:36:25","guid":{"rendered":"https:\/\/www.damlasulama.com\/fra\/?page_id=888"},"modified":"2022-05-19T09:27:02","modified_gmt":"2022-05-19T06:27:02","slug":"ligne-de-production-de-tuyaux-dirrigation-goutte-a-goutte-a-plat-symetrique-et-asymetrique","status":"publish","type":"page","link":"https:\/\/www.damlasulama.com\/fra\/ligne-de-production-de-tuyaux-dirrigation-goutte-a-goutte-a-plat-symetrique-et-asymetrique\/","title":{"rendered":"LIGNE DE PRODUCTION DE TUYAUX D&rsquo;IRRIGATION GOUTTE \u00c0 GOUTTE \u00c0 PLAT SYM\u00c9TRIQUE ET ASYM\u00c9TRIQUE"},"content":{"rendered":"<div id='av_section_1'  class='avia-section main_color avia-section-huge avia-no-shadow  av-section-color-overlay-active avia-bg-style-scroll  avia-builder-el-0  avia-builder-el-no-sibling   container_wrap sidebar_right' style=' '  ><div class='av-section-color-overlay-wrap'><div class='av-section-color-overlay' style='opacity: 0.8; background-color: #ffffff; '><\/div><div class='container' ><main  role=\"main\" itemprop=\"mainContentOfPage\"  class='template-page content  av-content-small alpha units'><div class='post-entry post-entry-type-page post-entry-888'><div class='entry-content-wrapper clearfix'>\n<section class=\"av_textblock_section \"  itemscope=\"itemscope\" itemtype=\"https:\/\/schema.org\/CreativeWork\" ><div class='avia_textblock  '   itemprop=\"text\" ><h5 style=\"text-align: center;\">LIGNE DE PRODUCTION DE TUYAUX D&rsquo;IRRIGATION GOUTTE \u00c0 GOUTTE \u00c0 PLAT SYM\u00c9TRIQUE ET ASYM\u00c9TRIQUE<\/h5>\n<\/div><\/section>\n<div  class='av-horizontal-gallery av-horizontal-gallery-large-gap av-horizontal-gallery--effect av-horizontal-gallery-1  avia-builder-el-2  el_after_av_textblock  el_before_av_textblock  av-control-default '  itemprop=\"image\" itemscope=\"itemscope\" itemtype=\"https:\/\/schema.org\/ImageObject\"   data-av-initial='9' ><div class='avia-slideshow-arrows avia-slideshow-controls'><a href='#prev' class='prev-slide av-horizontal-gallery-prev' aria-hidden='true' data-av_icon='\ue87c' data-av_iconfont='entypo-fontello'>Pr\u00e9c\u00e9dent<\/a><a href='#next' class='next-slide av-horizontal-gallery-next' aria-hidden='true' data-av_icon='\ue87d' data-av_iconfont='entypo-fontello'>Suivant <\/a><\/div><div class='av-horizontal-gallery-inner' style='padding-bottom:20%' data-av-height='20'><div class='av-horizontal-gallery-slider'><div class='av-horizontal-gallery-wrap noHover'><img class='wp-image-898 avia-img-lazy-loading-not-898 av-horizontal-gallery-img' width=\"700\" height=\"700\" src=\"https:\/\/www.damlasulama.com\/fra\/wp-content\/uploads\/2022\/01\/simetriknano-9.png\" title='Damla Plast Machine - Flat Enrouleur de tuyau' alt='' srcset=\"https:\/\/www.damlasulama.com\/fra\/wp-content\/uploads\/2022\/01\/simetriknano-9.png 700w, https:\/\/www.damlasulama.com\/fra\/wp-content\/uploads\/2022\/01\/simetriknano-9-300x300.png 300w, https:\/\/www.damlasulama.com\/fra\/wp-content\/uploads\/2022\/01\/simetriknano-9-80x80.png 80w, https:\/\/www.damlasulama.com\/fra\/wp-content\/uploads\/2022\/01\/simetriknano-9-36x36.png 36w, https:\/\/www.damlasulama.com\/fra\/wp-content\/uploads\/2022\/01\/simetriknano-9-180x180.png 180w\" sizes=\"(max-width: 700px) 100vw, 700px\" \/><a href='https:\/\/www.damlasulama.com\/fra\/wp-content\/uploads\/2022\/01\/simetriknano-9.png' class='av-horizontal-gallery-link' aria-hidden='true' data-av_icon='\ue869' data-av_iconfont='entypo-fontello' title='Damla Plast Machine - Flat Enrouleur de tuyau' alt=''><\/a><\/div><div class='av-horizontal-gallery-wrap noHover'><img class='wp-image-897 avia-img-lazy-loading-not-897 av-horizontal-gallery-img' width=\"700\" height=\"700\" src=\"https:\/\/www.damlasulama.com\/fra\/wp-content\/uploads\/2022\/01\/simetriknano-8.png\" title='Damla Plast Machine - Flat Accumulateur de tuyau' alt='' srcset=\"https:\/\/www.damlasulama.com\/fra\/wp-content\/uploads\/2022\/01\/simetriknano-8.png 700w, https:\/\/www.damlasulama.com\/fra\/wp-content\/uploads\/2022\/01\/simetriknano-8-300x300.png 300w, https:\/\/www.damlasulama.com\/fra\/wp-content\/uploads\/2022\/01\/simetriknano-8-80x80.png 80w, https:\/\/www.damlasulama.com\/fra\/wp-content\/uploads\/2022\/01\/simetriknano-8-36x36.png 36w, https:\/\/www.damlasulama.com\/fra\/wp-content\/uploads\/2022\/01\/simetriknano-8-180x180.png 180w\" sizes=\"(max-width: 700px) 100vw, 700px\" \/><a href='https:\/\/www.damlasulama.com\/fra\/wp-content\/uploads\/2022\/01\/simetriknano-8.png' class='av-horizontal-gallery-link' aria-hidden='true' data-av_icon='\ue869' data-av_iconfont='entypo-fontello' title='Damla Plast Machine - Flat Accumulateur de tuyau' alt=''><\/a><\/div><div class='av-horizontal-gallery-wrap noHover'><img class='wp-image-896 avia-img-lazy-loading-not-896 av-horizontal-gallery-img' width=\"700\" height=\"700\" src=\"https:\/\/www.damlasulama.com\/fra\/wp-content\/uploads\/2022\/01\/simetriknano-7.png\" title='Damla Plast Machine - Flat Transporteur de tuyaux' alt='' srcset=\"https:\/\/www.damlasulama.com\/fra\/wp-content\/uploads\/2022\/01\/simetriknano-7.png 700w, https:\/\/www.damlasulama.com\/fra\/wp-content\/uploads\/2022\/01\/simetriknano-7-300x300.png 300w, https:\/\/www.damlasulama.com\/fra\/wp-content\/uploads\/2022\/01\/simetriknano-7-80x80.png 80w, https:\/\/www.damlasulama.com\/fra\/wp-content\/uploads\/2022\/01\/simetriknano-7-36x36.png 36w, https:\/\/www.damlasulama.com\/fra\/wp-content\/uploads\/2022\/01\/simetriknano-7-180x180.png 180w\" sizes=\"(max-width: 700px) 100vw, 700px\" \/><a href='https:\/\/www.damlasulama.com\/fra\/wp-content\/uploads\/2022\/01\/simetriknano-7.png' class='av-horizontal-gallery-link' aria-hidden='true' data-av_icon='\ue869' data-av_iconfont='entypo-fontello' title='Damla Plast Machine - Flat Transporteur de tuyaux' alt=''><\/a><\/div><div class='av-horizontal-gallery-wrap noHover'><img class='wp-image-895 avia-img-lazy-loading-not-895 av-horizontal-gallery-img' width=\"678\" height=\"696\" src=\"https:\/\/www.damlasulama.com\/fra\/wp-content\/uploads\/2022\/01\/simetriknano-6-.png\" title='Damla Plast Machine - Flat Dispositif de perforation' alt='' srcset=\"https:\/\/www.damlasulama.com\/fra\/wp-content\/uploads\/2022\/01\/simetriknano-6-.png 678w, https:\/\/www.damlasulama.com\/fra\/wp-content\/uploads\/2022\/01\/simetriknano-6--292x300.png 292w, https:\/\/www.damlasulama.com\/fra\/wp-content\/uploads\/2022\/01\/simetriknano-6--36x36.png 36w\" sizes=\"(max-width: 678px) 100vw, 678px\" \/><a href='https:\/\/www.damlasulama.com\/fra\/wp-content\/uploads\/2022\/01\/simetriknano-6-.png' class='av-horizontal-gallery-link' aria-hidden='true' data-av_icon='\ue869' data-av_iconfont='entypo-fontello' title='Damla Plast Machine - Flat Dispositif de perforation' alt=''><\/a><\/div><div class='av-horizontal-gallery-wrap noHover'><img class='wp-image-894 avia-img-lazy-loading-not-894 av-horizontal-gallery-img' width=\"1030\" height=\"286\" src=\"https:\/\/www.damlasulama.com\/fra\/wp-content\/uploads\/2022\/01\/simetriknano-5.png\" title='Damla Plast Machine - Flat R\u00e9servoir de refroidissement' alt='' srcset=\"https:\/\/www.damlasulama.com\/fra\/wp-content\/uploads\/2022\/01\/simetriknano-5.png 1030w, https:\/\/www.damlasulama.com\/fra\/wp-content\/uploads\/2022\/01\/simetriknano-5-300x83.png 300w, https:\/\/www.damlasulama.com\/fra\/wp-content\/uploads\/2022\/01\/simetriknano-5-768x213.png 768w, https:\/\/www.damlasulama.com\/fra\/wp-content\/uploads\/2022\/01\/simetriknano-5-705x196.png 705w\" sizes=\"(max-width: 1030px) 100vw, 1030px\" \/><a href='https:\/\/www.damlasulama.com\/fra\/wp-content\/uploads\/2022\/01\/simetriknano-5.png' class='av-horizontal-gallery-link' aria-hidden='true' data-av_icon='\ue869' data-av_iconfont='entypo-fontello' title='Damla Plast Machine - Flat R\u00e9servoir de refroidissement' alt=''><\/a><\/div><div class='av-horizontal-gallery-wrap noHover'><img class='wp-image-893 avia-img-lazy-loading-not-893 av-horizontal-gallery-img' width=\"1030\" height=\"422\" src=\"https:\/\/www.damlasulama.com\/fra\/wp-content\/uploads\/2022\/01\/simetriknano-4.png\" title='Damla Plast Machine - Flat R\u00e9servoir sous vide' alt='' srcset=\"https:\/\/www.damlasulama.com\/fra\/wp-content\/uploads\/2022\/01\/simetriknano-4.png 1030w, https:\/\/www.damlasulama.com\/fra\/wp-content\/uploads\/2022\/01\/simetriknano-4-300x123.png 300w, https:\/\/www.damlasulama.com\/fra\/wp-content\/uploads\/2022\/01\/simetriknano-4-768x315.png 768w, https:\/\/www.damlasulama.com\/fra\/wp-content\/uploads\/2022\/01\/simetriknano-4-705x289.png 705w\" sizes=\"(max-width: 1030px) 100vw, 1030px\" \/><a href='https:\/\/www.damlasulama.com\/fra\/wp-content\/uploads\/2022\/01\/simetriknano-4.png' class='av-horizontal-gallery-link' aria-hidden='true' data-av_icon='\ue869' data-av_iconfont='entypo-fontello' title='Damla Plast Machine - Flat R\u00e9servoir sous vide' alt=''><\/a><\/div><div class='av-horizontal-gallery-wrap noHover'><img class='wp-image-892 avia-img-lazy-loading-not-892 av-horizontal-gallery-img' width=\"700\" height=\"666\" src=\"https:\/\/www.damlasulama.com\/fra\/wp-content\/uploads\/2022\/01\/simetriknano-3.png\" title='Damla Plast Machine - Flat Extrudeuse' alt='' srcset=\"https:\/\/www.damlasulama.com\/fra\/wp-content\/uploads\/2022\/01\/simetriknano-3.png 700w, https:\/\/www.damlasulama.com\/fra\/wp-content\/uploads\/2022\/01\/simetriknano-3-300x285.png 300w\" sizes=\"(max-width: 700px) 100vw, 700px\" \/><a href='https:\/\/www.damlasulama.com\/fra\/wp-content\/uploads\/2022\/01\/simetriknano-3.png' class='av-horizontal-gallery-link' aria-hidden='true' data-av_icon='\ue869' data-av_iconfont='entypo-fontello' title='Damla Plast Machine - Flat Extrudeuse' alt=''><\/a><\/div><div class='av-horizontal-gallery-wrap noHover'><img class='wp-image-891 avia-img-lazy-loading-not-891 av-horizontal-gallery-img' width=\"700\" height=\"324\" src=\"https:\/\/www.damlasulama.com\/fra\/wp-content\/uploads\/2022\/01\/simetriknano-2.png\" title='Damla Plast Machine - Flat Nano Insertion de l&#039;appareil' alt='' srcset=\"https:\/\/www.damlasulama.com\/fra\/wp-content\/uploads\/2022\/01\/simetriknano-2.png 700w, https:\/\/www.damlasulama.com\/fra\/wp-content\/uploads\/2022\/01\/simetriknano-2-300x139.png 300w\" sizes=\"(max-width: 700px) 100vw, 700px\" \/><a href='https:\/\/www.damlasulama.com\/fra\/wp-content\/uploads\/2022\/01\/simetriknano-2.png' class='av-horizontal-gallery-link' aria-hidden='true' data-av_icon='\ue869' data-av_iconfont='entypo-fontello' title='Damla Plast Machine - Flat Nano Insertion de l&#039;appareil' alt=''><\/a><\/div><div class='av-horizontal-gallery-wrap noHover'><img class='wp-image-890 avia-img-lazy-loading-not-890 av-horizontal-gallery-img' width=\"700\" height=\"488\" src=\"https:\/\/www.damlasulama.com\/fra\/wp-content\/uploads\/2022\/01\/simetriknano-1.png\" title='Damla Plast Machine - Flat Armoire \u00e9lectrique et panneau de contr\u00f4le' alt='' srcset=\"https:\/\/www.damlasulama.com\/fra\/wp-content\/uploads\/2022\/01\/simetriknano-1.png 700w, https:\/\/www.damlasulama.com\/fra\/wp-content\/uploads\/2022\/01\/simetriknano-1-300x209.png 300w\" sizes=\"(max-width: 700px) 100vw, 700px\" \/><a href='https:\/\/www.damlasulama.com\/fra\/wp-content\/uploads\/2022\/01\/simetriknano-1.png' class='av-horizontal-gallery-link' aria-hidden='true' data-av_icon='\ue869' data-av_iconfont='entypo-fontello' title='Damla Plast Machine - Flat Armoire \u00e9lectrique et panneau de contr\u00f4le' alt=''><\/a><\/div><\/div><\/div><\/div>\n<section class=\"av_textblock_section \"  itemscope=\"itemscope\" itemtype=\"https:\/\/schema.org\/CreativeWork\" ><div class='avia_textblock  '   itemprop=\"text\" ><p><strong>Il est possible de produire des tuyaux d&rsquo;irrigation goutte-\u00e0-goutte circulaires avec le diam\u00e8tre diff\u00e9rent et l&rsquo;\u00e9paisseur de paroi sans \u00e0-coup par l&rsquo;interm\u00e9diaire de la machine circulaire d&rsquo;irrigation de goutte \u00e0 goutte qui est travail de technologie de pointe et d&rsquo;exp\u00e9rience.<\/strong><\/p>\n<p><strong>Damla Plast offre cette machine \u00e0 notre go\u00fbt pr\u00e9cieux clients en s&rsquo;appuyant sur des principes tels que l&rsquo;efficacit\u00e9 \u00e9lev\u00e9e, l&rsquo;accessibilit\u00e9, le service rapide, fournissant des pi\u00e8ces de rechange de la maison de ware sans sacrifiant la qualit\u00e9 comme toujours.<\/strong><\/p>\n<p><strong>Solutions cl\u00e9 en main sont cr\u00e9\u00e9s sur l&rsquo;examen pr\u00e9liminaire, l&rsquo;installation et la mise en \u0153uvre, l&rsquo;\u00e9ducation, le soutien du p<\/strong><\/p>\n<\/div><\/section>\n<div class=\"flex_column av_one_half  flex_column_div av-zero-column-padding first  avia-builder-el-4  el_after_av_textblock  el_before_av_one_half  column-top-margin\" style='border-radius:0px; '><section class=\"av_textblock_section \"  itemscope=\"itemscope\" itemtype=\"https:\/\/schema.org\/CreativeWork\" ><div class='avia_textblock  av_inherit_color '  style='color:#0a0a0a; '  itemprop=\"text\" ><div id=\"tw-container\" class=\"YQaNob\" data-cp=\"1\" data-is-ver=\"false\" data-nnttsvi=\"1\" data-sm=\"1\" data-sugg-time=\"500\" data-sugg-url=\"https:\/\/clients1.google.com\/complete\/search\" data-uilc=\"tr\">\n<div id=\"tw-ob\" class=\"tw-src-ltr\">\n<div class=\"oSioSc\">\n<div id=\"tw-target\">\n<div id=\"kAz1tf\" class=\"g9WsWb\">\n<div id=\"tw-target-text-container\" class=\"tw-ta-container F0azHf tw-nfl\" tabindex=\"0\"><\/div>\n<div class=\"iYB33c\">\n<div id=\"tw-tmenu\" class=\"tw-menu\" style=\"text-align: center;\"><strong>Technical Table<\/strong><\/div>\n<\/div>\n<\/div>\n<\/div>\n<\/div>\n<\/div>\n<div id=\"tw-images\"><\/div>\n<div class=\"dURPtb\"><\/div>\n<div>\n<div><\/div>\n<\/div>\n<\/div>\n<div class=\"KFFQ0c xKf9F\"><\/div>\n<\/div><\/section><br \/>\n<div  style=' margin-top:30px; margin-bottom:30px;'  class='hr hr-custom hr-center hr-icon-no   avia-builder-el-6  el_after_av_textblock  el_before_av_image '><span class='hr-inner  inner-border-av-border-thin' style=' width:350; border-color:#000000;' ><span class='hr-inner-style'><\/span><\/span><\/div><br \/>\n<div  class='avia-image-container  av-styling-    avia-builder-el-7  el_after_av_hr  avia-builder-el-last  avia-align-center '  itemprop=\"image\" itemscope=\"itemscope\" itemtype=\"https:\/\/schema.org\/ImageObject\"  ><div class='avia-image-container-inner'><div class='avia-image-overlay-wrap'><a href='https:\/\/www.damlasulama.com\/fra\/wp-content\/uploads\/2022\/05\/SIMETRIK-VE-NANOtekniktablo-01_Calisma-Yuzeyi-1-1030x456.png' class='avia_image'  ><img width=\"3802\" height=\"1683\" class='wp-image-1054 avia-img-lazy-loading-not-1054 avia_image' src=\"https:\/\/www.damlasulama.com\/fra\/wp-content\/uploads\/2022\/05\/SIMETRIK-VE-NANOtekniktablo-01_Calisma-Yuzeyi-1.png\" alt='' title='Damla Plast SNPLT'  itemprop=\"thumbnailUrl\" srcset=\"https:\/\/www.damlasulama.com\/fra\/wp-content\/uploads\/2022\/05\/SIMETRIK-VE-NANOtekniktablo-01_Calisma-Yuzeyi-1.png 3802w, https:\/\/www.damlasulama.com\/fra\/wp-content\/uploads\/2022\/05\/SIMETRIK-VE-NANOtekniktablo-01_Calisma-Yuzeyi-1-300x133.png 300w, https:\/\/www.damlasulama.com\/fra\/wp-content\/uploads\/2022\/05\/SIMETRIK-VE-NANOtekniktablo-01_Calisma-Yuzeyi-1-1030x456.png 1030w, https:\/\/www.damlasulama.com\/fra\/wp-content\/uploads\/2022\/05\/SIMETRIK-VE-NANOtekniktablo-01_Calisma-Yuzeyi-1-768x340.png 768w, https:\/\/www.damlasulama.com\/fra\/wp-content\/uploads\/2022\/05\/SIMETRIK-VE-NANOtekniktablo-01_Calisma-Yuzeyi-1-1536x680.png 1536w, https:\/\/www.damlasulama.com\/fra\/wp-content\/uploads\/2022\/05\/SIMETRIK-VE-NANOtekniktablo-01_Calisma-Yuzeyi-1-2048x907.png 2048w, https:\/\/www.damlasulama.com\/fra\/wp-content\/uploads\/2022\/05\/SIMETRIK-VE-NANOtekniktablo-01_Calisma-Yuzeyi-1-1500x664.png 1500w, https:\/\/www.damlasulama.com\/fra\/wp-content\/uploads\/2022\/05\/SIMETRIK-VE-NANOtekniktablo-01_Calisma-Yuzeyi-1-705x312.png 705w\" sizes=\"(max-width: 3802px) 100vw, 3802px\" \/><\/a><\/div><\/div><\/div><\/p><\/div><div class=\"flex_column av_one_half  flex_column_div av-zero-column-padding   avia-builder-el-8  el_after_av_one_half  avia-builder-el-last  column-top-margin\" style='border-radius:0px; '><section class=\"av_textblock_section \"  itemscope=\"itemscope\" itemtype=\"https:\/\/schema.org\/CreativeWork\" ><div class='avia_textblock  av_inherit_color '  style='color:#0a0a0a; '  itemprop=\"text\" ><p style=\"text-align: center;\"><strong>Video<\/strong><\/p>\n<\/div><\/section><br \/>\n<div  style=' margin-top:30px; margin-bottom:30px;'  class='hr hr-custom hr-center hr-icon-no   avia-builder-el-10  el_after_av_textblock  el_before_av_video '><span class='hr-inner  inner-border-av-border-thin' style=' width:350; border-color:#0a0a0a;' ><span class='hr-inner-style'><\/span><\/span><\/div><br \/>\n<div  class='avia-video avia-video-16-9   av-lazyload-immediate  av-lazyload-video-embed  '   itemprop=\"video\" itemtype=\"https:\/\/schema.org\/VideoObject\"  data-original_url='https:\/\/youtu.be\/pgL8AhdMGdI' ><script type='text\/html' class='av-video-tmpl'><div class='avia-iframe-wrap'><iframe title=\"Damla Plast DFX 2000FC Nano Drip Flat Irrigation Pipe  Production Line\" width=\"1500\" height=\"844\" src=\"https:\/\/www.youtube.com\/embed\/pgL8AhdMGdI?feature=oembed&autoplay=0&loop=1&controls=0&mute=0\" frameborder=\"0\" allow=\"accelerometer; autoplay; clipboard-write; encrypted-media; gyroscope; picture-in-picture\" allowfullscreen><\/iframe><\/div><\/script><div class='av-click-to-play-overlay'><div class=\"avia_playpause_icon\"><\/div><\/div><\/div><\/p><\/div><\/div><\/div><\/main><!-- close content main element --><\/div><\/div><\/div><div id='after_section_1'  class='main_color av_default_container_wrap container_wrap sidebar_right' style=' '  ><div class='container' ><div class='template-page content  av-content-small alpha units'><div class='post-entry post-entry-type-page post-entry-888'><div class='entry-content-wrapper clearfix'>\n","protected":false},"excerpt":{"rendered":"","protected":false},"author":1,"featured_media":0,"parent":0,"menu_order":0,"comment_status":"closed","ping_status":"closed","template":"","meta":[],"yoast_head":"<!-- This site is optimized with the Yoast SEO plugin v19.8 - https:\/\/yoast.com\/wordpress\/plugins\/seo\/ -->\n<title>LIGNE DE PRODUCTION DE TUYAUX D&#039;IRRIGATION GOUTTE \u00c0 GOUTTE \u00c0 PLAT SYM\u00c9TRIQUE ET ASYM\u00c9TRIQUE - Damla Plast Machine<\/title>\n<meta name=\"description\" content=\"La ligne de production de tuyaux plats sym\u00e9triques et asym\u00e9triques est l&#039;une des 3 lignes de production \u00e9tablies au sein de notre soci\u00e9t\u00e9. Vous pouvez examiner notre ligne de production fonctionnant avec 9 machines.\" \/>\n<meta name=\"robots\" content=\"index, follow, max-snippet:-1, max-image-preview:large, max-video-preview:-1\" \/>\n<link rel=\"canonical\" href=\"https:\/\/www.damlasulama.com\/fra\/ligne-de-production-de-tuyaux-dirrigation-goutte-a-goutte-a-plat-symetrique-et-asymetrique\/\" \/>\n<meta property=\"og:locale\" content=\"fr_FR\" \/>\n<meta property=\"og:type\" content=\"article\" \/>\n<meta property=\"og:title\" content=\"LIGNE DE PRODUCTION DE TUYAUX D&#039;IRRIGATION GOUTTE \u00c0 GOUTTE \u00c0 PLAT SYM\u00c9TRIQUE ET ASYM\u00c9TRIQUE - Damla Plast Machine\" \/>\n<meta property=\"og:description\" content=\"La ligne de production de tuyaux plats sym\u00e9triques et asym\u00e9triques est l&#039;une des 3 lignes de production \u00e9tablies au sein de notre soci\u00e9t\u00e9. Vous pouvez examiner notre ligne de production fonctionnant avec 9 machines.\" \/>\n<meta property=\"og:url\" content=\"https:\/\/www.damlasulama.com\/fra\/ligne-de-production-de-tuyaux-dirrigation-goutte-a-goutte-a-plat-symetrique-et-asymetrique\/\" \/>\n<meta property=\"og:site_name\" content=\"Damla Plast Machine\" \/>\n<meta property=\"article:modified_time\" content=\"2022-05-19T06:27:02+00:00\" \/>\n<meta name=\"twitter:card\" content=\"summary_large_image\" \/>\n<meta name=\"twitter:label1\" content=\"Dur\u00e9e de lecture estim\u00e9e\" \/>\n\t<meta name=\"twitter:data1\" content=\"2 minutes\" \/>\n<script type=\"application\/ld+json\" class=\"yoast-schema-graph\">{\"@context\":\"https:\/\/schema.org\",\"@graph\":[{\"@type\":\"WebPage\",\"@id\":\"https:\/\/www.damlasulama.com\/fra\/ligne-de-production-de-tuyaux-dirrigation-goutte-a-goutte-a-plat-symetrique-et-asymetrique\/\",\"url\":\"https:\/\/www.damlasulama.com\/fra\/ligne-de-production-de-tuyaux-dirrigation-goutte-a-goutte-a-plat-symetrique-et-asymetrique\/\",\"name\":\"LIGNE DE PRODUCTION DE TUYAUX D'IRRIGATION GOUTTE \u00c0 GOUTTE \u00c0 PLAT SYM\u00c9TRIQUE ET ASYM\u00c9TRIQUE - Damla Plast Machine\",\"isPartOf\":{\"@id\":\"https:\/\/www.damlasulama.com\/fra\/#website\"},\"datePublished\":\"2022-01-17T11:36:25+00:00\",\"dateModified\":\"2022-05-19T06:27:02+00:00\",\"description\":\"La ligne de production de tuyaux plats sym\u00e9triques et asym\u00e9triques est l'une des 3 lignes de production \u00e9tablies au sein de notre soci\u00e9t\u00e9. Vous pouvez examiner notre ligne de production fonctionnant avec 9 machines.\",\"breadcrumb\":{\"@id\":\"https:\/\/www.damlasulama.com\/fra\/ligne-de-production-de-tuyaux-dirrigation-goutte-a-goutte-a-plat-symetrique-et-asymetrique\/#breadcrumb\"},\"inLanguage\":\"fr-FR\",\"potentialAction\":[{\"@type\":\"ReadAction\",\"target\":[\"https:\/\/www.damlasulama.com\/fra\/ligne-de-production-de-tuyaux-dirrigation-goutte-a-goutte-a-plat-symetrique-et-asymetrique\/\"]}]},{\"@type\":\"BreadcrumbList\",\"@id\":\"https:\/\/www.damlasulama.com\/fra\/ligne-de-production-de-tuyaux-dirrigation-goutte-a-goutte-a-plat-symetrique-et-asymetrique\/#breadcrumb\",\"itemListElement\":[{\"@type\":\"ListItem\",\"position\":1,\"name\":\"Anasayfa\",\"item\":\"https:\/\/www.damlasulama.com\/fra\/\"},{\"@type\":\"ListItem\",\"position\":2,\"name\":\"LIGNE DE PRODUCTION DE TUYAUX D&rsquo;IRRIGATION GOUTTE \u00c0 GOUTTE \u00c0 PLAT SYM\u00c9TRIQUE ET ASYM\u00c9TRIQUE\"}]},{\"@type\":\"WebSite\",\"@id\":\"https:\/\/www.damlasulama.com\/fra\/#website\",\"url\":\"https:\/\/www.damlasulama.com\/fra\/\",\"name\":\"Damla Plast Machine\",\"description\":\"Une Longueur D&#039;Avance\",\"potentialAction\":[{\"@type\":\"SearchAction\",\"target\":{\"@type\":\"EntryPoint\",\"urlTemplate\":\"https:\/\/www.damlasulama.com\/fra\/?s={search_term_string}\"},\"query-input\":\"required name=search_term_string\"}],\"inLanguage\":\"fr-FR\"}]}<\/script>\n<!-- \/ Yoast SEO plugin. -->","yoast_head_json":{"title":"LIGNE DE PRODUCTION DE TUYAUX D'IRRIGATION GOUTTE \u00c0 GOUTTE \u00c0 PLAT SYM\u00c9TRIQUE ET ASYM\u00c9TRIQUE - Damla Plast Machine","description":"La ligne de production de tuyaux plats sym\u00e9triques et asym\u00e9triques est l'une des 3 lignes de production \u00e9tablies au sein de notre soci\u00e9t\u00e9. Vous pouvez examiner notre ligne de production fonctionnant avec 9 machines.","robots":{"index":"index","follow":"follow","max-snippet":"max-snippet:-1","max-image-preview":"max-image-preview:large","max-video-preview":"max-video-preview:-1"},"canonical":"https:\/\/www.damlasulama.com\/fra\/ligne-de-production-de-tuyaux-dirrigation-goutte-a-goutte-a-plat-symetrique-et-asymetrique\/","og_locale":"fr_FR","og_type":"article","og_title":"LIGNE DE PRODUCTION DE TUYAUX D'IRRIGATION GOUTTE \u00c0 GOUTTE \u00c0 PLAT SYM\u00c9TRIQUE ET ASYM\u00c9TRIQUE - Damla Plast Machine","og_description":"La ligne de production de tuyaux plats sym\u00e9triques et asym\u00e9triques est l'une des 3 lignes de production \u00e9tablies au sein de notre soci\u00e9t\u00e9. Vous pouvez examiner notre ligne de production fonctionnant avec 9 machines.","og_url":"https:\/\/www.damlasulama.com\/fra\/ligne-de-production-de-tuyaux-dirrigation-goutte-a-goutte-a-plat-symetrique-et-asymetrique\/","og_site_name":"Damla Plast Machine","article_modified_time":"2022-05-19T06:27:02+00:00","twitter_card":"summary_large_image","twitter_misc":{"Dur\u00e9e de lecture estim\u00e9e":"2 minutes"},"schema":{"@context":"https:\/\/schema.org","@graph":[{"@type":"WebPage","@id":"https:\/\/www.damlasulama.com\/fra\/ligne-de-production-de-tuyaux-dirrigation-goutte-a-goutte-a-plat-symetrique-et-asymetrique\/","url":"https:\/\/www.damlasulama.com\/fra\/ligne-de-production-de-tuyaux-dirrigation-goutte-a-goutte-a-plat-symetrique-et-asymetrique\/","name":"LIGNE DE PRODUCTION DE TUYAUX D'IRRIGATION GOUTTE \u00c0 GOUTTE \u00c0 PLAT SYM\u00c9TRIQUE ET ASYM\u00c9TRIQUE - Damla Plast Machine","isPartOf":{"@id":"https:\/\/www.damlasulama.com\/fra\/#website"},"datePublished":"2022-01-17T11:36:25+00:00","dateModified":"2022-05-19T06:27:02+00:00","description":"La ligne de production de tuyaux plats sym\u00e9triques et asym\u00e9triques est l'une des 3 lignes de production \u00e9tablies au sein de notre soci\u00e9t\u00e9. Vous pouvez examiner notre ligne de production fonctionnant avec 9 machines.","breadcrumb":{"@id":"https:\/\/www.damlasulama.com\/fra\/ligne-de-production-de-tuyaux-dirrigation-goutte-a-goutte-a-plat-symetrique-et-asymetrique\/#breadcrumb"},"inLanguage":"fr-FR","potentialAction":[{"@type":"ReadAction","target":["https:\/\/www.damlasulama.com\/fra\/ligne-de-production-de-tuyaux-dirrigation-goutte-a-goutte-a-plat-symetrique-et-asymetrique\/"]}]},{"@type":"BreadcrumbList","@id":"https:\/\/www.damlasulama.com\/fra\/ligne-de-production-de-tuyaux-dirrigation-goutte-a-goutte-a-plat-symetrique-et-asymetrique\/#breadcrumb","itemListElement":[{"@type":"ListItem","position":1,"name":"Anasayfa","item":"https:\/\/www.damlasulama.com\/fra\/"},{"@type":"ListItem","position":2,"name":"LIGNE DE PRODUCTION DE TUYAUX D&rsquo;IRRIGATION GOUTTE \u00c0 GOUTTE \u00c0 PLAT SYM\u00c9TRIQUE ET ASYM\u00c9TRIQUE"}]},{"@type":"WebSite","@id":"https:\/\/www.damlasulama.com\/fra\/#website","url":"https:\/\/www.damlasulama.com\/fra\/","name":"Damla Plast Machine","description":"Une Longueur D&#039;Avance","potentialAction":[{"@type":"SearchAction","target":{"@type":"EntryPoint","urlTemplate":"https:\/\/www.damlasulama.com\/fra\/?s={search_term_string}"},"query-input":"required name=search_term_string"}],"inLanguage":"fr-FR"}]}},"_links":{"self":[{"href":"https:\/\/www.damlasulama.com\/fra\/wp-json\/wp\/v2\/pages\/888"}],"collection":[{"href":"https:\/\/www.damlasulama.com\/fra\/wp-json\/wp\/v2\/pages"}],"about":[{"href":"https:\/\/www.damlasulama.com\/fra\/wp-json\/wp\/v2\/types\/page"}],"author":[{"embeddable":true,"href":"https:\/\/www.damlasulama.com\/fra\/wp-json\/wp\/v2\/users\/1"}],"replies":[{"embeddable":true,"href":"https:\/\/www.damlasulama.com\/fra\/wp-json\/wp\/v2\/comments?post=888"}],"version-history":[{"count":4,"href":"https:\/\/www.damlasulama.com\/fra\/wp-json\/wp\/v2\/pages\/888\/revisions"}],"predecessor-version":[{"id":1056,"href":"https:\/\/www.damlasulama.com\/fra\/wp-json\/wp\/v2\/pages\/888\/revisions\/1056"}],"wp:attachment":[{"href":"https:\/\/www.damlasulama.com\/fra\/wp-json\/wp\/v2\/media?parent=888"}],"curies":[{"name":"wp","href":"https:\/\/api.w.org\/{rel}","templated":true}]}}